{"id":8488,"date":"2025-02-12T19:41:24","date_gmt":"2025-02-12T19:41:24","guid":{"rendered":"https:\/\/www.asociacionextraescolararcoiris.com\/?page_id=8488"},"modified":"2025-02-15T11:11:10","modified_gmt":"2025-02-15T11:11:10","slug":"programma-campo-estivo","status":"publish","type":"page","link":"https:\/\/www.asociacionextraescolararcoiris.com\/it\/programma-campo-estivo\/","title":{"rendered":"Programma campo estivo"},"content":{"rendered":"<p>[et_pb_section fb_built=&#8221;1&#8243; _builder_version=&#8221;4.27.4&#8243; _module_preset=&#8221;default&#8221; global_colors_info=&#8221;{}&#8221;][et_pb_row _builder_version=&#8221;4.27.4&#8243; _module_preset=&#8221;default&#8221; global_colors_info=&#8221;{}&#8221;][et_pb_column type=&#8221;4_4&#8243; _builder_version=&#8221;4.27.4&#8243; _module_preset=&#8221;default&#8221; global_colors_info=&#8221;{}&#8221;][et_pb_text _builder_version=&#8221;4.27.4&#8243; _module_preset=&#8221;default&#8221; hover_enabled=&#8221;0&#8243; global_colors_info=&#8221;{}&#8221; sticky_enabled=&#8221;0&#8243;]<\/p>\n<h5><span style=\"color: #ff00ff;\">Attivit\u00e0 ludico-ricreative\u00a0proponendo occasioni di svago e di divertimento in un contesto educativo e di socializzazione.<\/span><\/h5>\n<p>&nbsp;<\/p>\n<h5><span style=\"color: #ff00ff;\">Le attivit\u00e0 che organizziamo sono per i bambini un momento di gioco che permette loro di fare delle esperienze progettate \u201csu misura\u201d, per aiutarli a crescere apportando infiniti benefici per il loro sviluppo fisico e cognitivo.<\/span><\/h5>\n<p>&nbsp;<\/p>\n<h5><span style=\"color: #ff00ff;\">L\u2019ampia variet\u00e0 di attivit\u00e0 proposte \u00e8\u00a0orientata al pieno sviluppo dei bambini in un ambiente piacevole e stimolante.<\/span><\/h5>\n<p>&nbsp;<\/p>\n<h5><span style=\"color: #ff00ff;\">Tra i nostri obiettivi vi \u00e8 quello di creare un ambiente adatto al bambino, trasformando i momenti di gioco in veri e propri spunti educativi per guidarli in questi primi anni fino al raggiungimento dell\u2019autonomia, sia pratica che logica.\u00a0<\/span><\/h5>\n<p>&nbsp;<\/p>\n<h5><span style=\"color: #ff00ff;\">La metodologia utilizzata durante le attivit\u00e0 sar\u00e0 pratica, attiva e motivante, in un ambiente giocoso e gradevole.<\/span><\/h5>\n<h5><span style=\"color: #ff00ff;\">Saranno proposti:\u00a0<\/span><\/h5>\n<h5><span style=\"color: #ff00ff;\">laboratori\u00a0e\u00a0giochi all\u2019aperto:<\/span><\/h5>\n<ul>\n<li>\n<h5><span style=\"color: #ff00ff;\">attivit\u00e0 motorie (musica e movimento)<\/span><\/h5>\n<\/li>\n<li>\n<h5><span style=\"color: #ff00ff;\">teatrali, marionette<\/span><\/h5>\n<\/li>\n<li>\n<h5><span style=\"color: #ff00ff;\">racconti, canzoni<\/span><\/h5>\n<\/li>\n<li>\n<h5><span style=\"color: #ff00ff;\">pittura e manualit\u00e0 anche con materiale riciclato<\/span><\/h5>\n<\/li>\n<\/ul>\n<h5><span style=\"color: #ff00ff;\">Tutte le nostre attivit\u00e0 saranno svolte nei locali della Scuola Materna di Madrid<\/span><\/h5>\n<p>[\/et_pb_text][\/et_pb_column][\/et_pb_row][\/et_pb_section]<\/p>\n","protected":false},"excerpt":{"rendered":"<p>Attivit\u00e0 ludico-ricreative\u00a0proponendo occasioni di svago e di divertimento in un contesto educativo e di socializzazione. &nbsp; Le attivit\u00e0 che organizziamo sono per i bambini un momento di gioco che permette loro di fare delle esperienze progettate \u201csu misura\u201d, per aiutarli a crescere apportando infiniti benefici per il loro sviluppo fisico e cognitivo. &nbsp; L\u2019ampia variet\u00e0 [&hellip;]<\/p>\n","protected":false},"author":2,"featured_media":0,"parent":0,"menu_order":0,"comment_status":"closed","ping_status":"closed","template":"","meta":{"_et_pb_use_builder":"on","_et_pb_old_content":"","_et_gb_content_width":"","footnotes":""},"class_list":["post-8488","page","type-page","status-publish","hentry"],"aioseo_notices":[],"_links":{"self":[{"href":"https:\/\/www.asociacionextraescolararcoiris.com\/it\/wp-json\/wp\/v2\/pages\/8488","targetHints":{"allow":["GET"]}}],"collection":[{"href":"https:\/\/www.asociacionextraescolararcoiris.com\/it\/wp-json\/wp\/v2\/pages"}],"about":[{"href":"https:\/\/www.asociacionextraescolararcoiris.com\/it\/wp-json\/wp\/v2\/types\/page"}],"author":[{"embeddable":true,"href":"https:\/\/www.asociacionextraescolararcoiris.com\/it\/wp-json\/wp\/v2\/users\/2"}],"replies":[{"embeddable":true,"href":"https:\/\/www.asociacionextraescolararcoiris.com\/it\/wp-json\/wp\/v2\/comments?post=8488"}],"version-history":[{"count":4,"href":"https:\/\/www.asociacionextraescolararcoiris.com\/it\/wp-json\/wp\/v2\/pages\/8488\/revisions"}],"predecessor-version":[{"id":8514,"href":"https:\/\/www.asociacionextraescolararcoiris.com\/it\/wp-json\/wp\/v2\/pages\/8488\/revisions\/8514"}],"wp:attachment":[{"href":"https:\/\/www.asociacionextraescolararcoiris.com\/it\/wp-json\/wp\/v2\/media?parent=8488"}],"curies":[{"name":"wp","href":"https:\/\/api.w.org\/{rel}","templated":true}]}}