{"id":8448,"date":"2025-02-09T19:20:32","date_gmt":"2025-02-09T19:20:32","guid":{"rendered":"https:\/\/www.asociacionextraescolararcoiris.com\/?page_id=8448"},"modified":"2025-02-10T07:52:11","modified_gmt":"2025-02-10T07:52:11","slug":"organizzaziione-giornaliera-2025_26","status":"publish","type":"page","link":"https:\/\/www.asociacionextraescolararcoiris.com\/it\/organizzaziione-giornaliera-2025_26\/","title":{"rendered":"Organizzazione giornaliera 2025_26"},"content":{"rendered":"<p>[et_pb_section fb_built=&#8221;1&#8243; _builder_version=&#8221;4.27.4&#8243; _module_preset=&#8221;default&#8221; global_colors_info=&#8221;{}&#8221;][et_pb_row _builder_version=&#8221;4.27.4&#8243; _module_preset=&#8221;default&#8221; global_colors_info=&#8221;{}&#8221;][et_pb_column type=&#8221;4_4&#8243; _builder_version=&#8221;4.27.4&#8243; _module_preset=&#8221;default&#8221; global_colors_info=&#8221;{}&#8221;][et_pb_text _builder_version=&#8221;4.27.4&#8243; _module_preset=&#8221;default&#8221; hover_enabled=&#8221;0&#8243; global_colors_info=&#8221;{}&#8221; sticky_enabled=&#8221;0&#8243;]<\/p>\n<h5><span style=\"color: #0000ff;\"><strong>Le attivit\u00e0 giornaliere si articolano:<\/strong><\/span><\/h5>\n<h5>\u00a0<\/h5>\n<h5><span style=\"color: #0000ff;\"><strong>8.15 \u2013 9.00 Accoglienza dei bimbi\/e.<\/strong><\/span><\/h5>\n<h5><span style=\"color: #0000ff;\"><strong>La giornata inizia con gioco libero in attesa dei compagni\/e.<\/strong><\/span><\/h5>\n<h5>\u00a0<\/h5>\n<h5><span style=\"color: #0000ff;\"><strong>Attivit\u00e0 strutturate:<\/strong><\/span><\/h5>\n<h5><span style=\"color: #0000ff;\"><strong>Laboratori manipolativi ed esperimenti, atelier creativi, racconti, attivit\u00e0 musicali, pittura, travasi, gioco con le costruzioni, musica e movimento, psicomotricit\u00e0, bricolage, gioco simbolico, espressione corporea e gioco libero.<\/strong><\/span><\/h5>\n<h5>\u00a0<\/h5>\n<h5><span style=\"color: #0000ff;\"><strong>12:00\u00a0Pranzo:<\/strong><\/span><\/h5>\n<h5>\u00a0<\/h5>\n<h5><span style=\"color: #0000ff;\"><strong>13.00 \u2013\u00a015.00\u00a0Riposino. Ogni bambino ha il proprio lettino su cui trova il lenzuolo portato da casa. Musica rilassante e la presenza delle educatrici.<\/strong><\/span><\/h5>\n<h5><span style=\"color: #0000ff;\"><strong>Dolce risveglio con coccole e canzoni<\/strong><\/span><\/h5>\n<h5>\u00a0<\/h5>\n<h5><span style=\"color: #0000ff;\"><strong>15:15\u00a0 Uscita<\/strong><\/span><\/h5>\n<h5>\u00a0<\/h5>\n<h5><span style=\"color: #0000ff;\"><strong>15:15 \u2013 16.15 Merenda e Attivit\u00e0<\/strong><\/span><\/h5>\n<h5><span style=\"color: #0000ff;\"><strong>16.15 Uscita<\/strong><\/span><\/h5>\n<h5>\u00a0<\/h5>\n<h5><span style=\"color: #0000ff;\"><strong>16.15 \u2013 17.15 Attivit\u00e0<\/strong><\/span><\/h5>\n<h5><span style=\"color: #0000ff;\"><strong>17.15 Uscita<\/strong><\/span><\/h5>\n<h5>\u00a0<\/h5>\n<h5><span style=\"color: #0000ff;\"><strong>Prima e dopo il pranzo e rientrando\u00a0dal cortile i bambini\/e andranno in bagno per lavarsi le mani e, se necessario, si cambier\u00e0 il pannolino.\u00a0<\/strong><\/span><\/h5>\n<h5>\u00a0<\/h5>\n<h5><span style=\"color: #0000ff;\"><strong>Durante l\u2019anno si lavorer\u00e0 sempre sull\u2019autonomia e il controllo degli sfinteri.<\/strong><\/span><\/h5>\n<p>[\/et_pb_text][\/et_pb_column][\/et_pb_row][\/et_pb_section]<\/p>\n","protected":false},"excerpt":{"rendered":"<p>Le attivit\u00e0 giornaliere si articolano: \u00a0 8.15 \u2013 9.00 Accoglienza dei bimbi\/e. La giornata inizia con gioco libero in attesa dei compagni\/e. \u00a0 Attivit\u00e0 strutturate: Laboratori manipolativi ed esperimenti, atelier creativi, racconti, attivit\u00e0 musicali, pittura, travasi, gioco con le costruzioni, musica e movimento, psicomotricit\u00e0, bricolage, gioco simbolico, espressione corporea e gioco libero. \u00a0 12:00\u00a0Pranzo: \u00a0 [&hellip;]<\/p>\n","protected":false},"author":2,"featured_media":0,"parent":0,"menu_order":0,"comment_status":"closed","ping_status":"closed","template":"","meta":{"_et_pb_use_builder":"on","_et_pb_old_content":"","_et_gb_content_width":"","footnotes":""},"class_list":["post-8448","page","type-page","status-publish","hentry"],"aioseo_notices":[],"_links":{"self":[{"href":"https:\/\/www.asociacionextraescolararcoiris.com\/it\/wp-json\/wp\/v2\/pages\/8448","targetHints":{"allow":["GET"]}}],"collection":[{"href":"https:\/\/www.asociacionextraescolararcoiris.com\/it\/wp-json\/wp\/v2\/pages"}],"about":[{"href":"https:\/\/www.asociacionextraescolararcoiris.com\/it\/wp-json\/wp\/v2\/types\/page"}],"author":[{"embeddable":true,"href":"https:\/\/www.asociacionextraescolararcoiris.com\/it\/wp-json\/wp\/v2\/users\/2"}],"replies":[{"embeddable":true,"href":"https:\/\/www.asociacionextraescolararcoiris.com\/it\/wp-json\/wp\/v2\/comments?post=8448"}],"version-history":[{"count":8,"href":"https:\/\/www.asociacionextraescolararcoiris.com\/it\/wp-json\/wp\/v2\/pages\/8448\/revisions"}],"predecessor-version":[{"id":8465,"href":"https:\/\/www.asociacionextraescolararcoiris.com\/it\/wp-json\/wp\/v2\/pages\/8448\/revisions\/8465"}],"wp:attachment":[{"href":"https:\/\/www.asociacionextraescolararcoiris.com\/it\/wp-json\/wp\/v2\/media?parent=8448"}],"curies":[{"name":"wp","href":"https:\/\/api.w.org\/{rel}","templated":true}]}}