{"id":7817,"date":"2024-07-04T13:33:14","date_gmt":"2024-07-04T13:33:14","guid":{"rendered":"https:\/\/www.asociacionextraescolararcoiris.com\/grupo-girasoli\/"},"modified":"2025-06-14T17:19:14","modified_gmt":"2025-06-14T17:19:14","slug":"gruppo-girasoli","status":"publish","type":"page","link":"https:\/\/www.asociacionextraescolararcoiris.com\/it\/gruppo-girasoli\/","title":{"rendered":"Gruppo &#8220;Girasoli&#8221;"},"content":{"rendered":"<p>[et_pb_section fb_built=&#8221;1&#8243; admin_label=&#8221;section&#8221; _builder_version=&#8221;4.26.0&#8243; global_colors_info=&#8221;{}&#8221;][et_pb_row _builder_version=&#8221;4.26.0&#8243; _module_preset=&#8221;default&#8221; global_colors_info=&#8221;{}&#8221;][et_pb_column type=&#8221;4_4&#8243; _builder_version=&#8221;4.26.0&#8243; _module_preset=&#8221;default&#8221; global_colors_info=&#8221;{}&#8221;][et_pb_text _builder_version=&#8221;4.27.4&#8243; _module_preset=&#8221;default&#8221; global_colors_info=&#8221;{}&#8221;]<\/p>\n<h1 style=\"text-align: center;\"><span style=\"color: #ccff00;\"><strong>Gruppo &#8220;Girasoli&#8221;<\/strong><\/span><\/h1>\n<p>&nbsp;<\/p>\n<h1 style=\"text-align: center;\"><strong><span style=\"color: #3366ff;\">gioco&#8230;.creo&#8230;..e&#8230;..mi divierto<\/span><\/strong><\/h1>\n<h3 style=\"text-align: center;\"><span style=\"color: #ff00ff;\">a.s. 2025_26<\/span><\/h3>\n<p>[\/et_pb_text][\/et_pb_column][\/et_pb_row][et_pb_row column_structure=&#8221;1_4,1_4,1_4,1_4&#8243; _builder_version=&#8221;4.27.4&#8243; _module_preset=&#8221;default&#8221; global_colors_info=&#8221;{}&#8221;][et_pb_column type=&#8221;1_4&#8243; _builder_version=&#8221;4.27.4&#8243; _module_preset=&#8221;default&#8221; global_colors_info=&#8221;{}&#8221;][et_pb_image src=&#8221;https:\/\/www.asociacionextraescolararcoiris.com\/wp-content\/uploads\/2025\/02\/8.png&#8221; title_text=&#8221;8&#8243; url=&#8221;https:\/\/www.asociacionextraescolararcoiris.com\/wp-content\/uploads\/2025\/02\/Mod.-inscrip.-Girasoli-1.pdf&#8221; url_new_window=&#8221;on&#8221; _builder_version=&#8221;4.27.4&#8243; _module_preset=&#8221;default&#8221; global_colors_info=&#8221;{}&#8221;][\/et_pb_image][\/et_pb_column][et_pb_column type=&#8221;1_4&#8243; _builder_version=&#8221;4.27.4&#8243; _module_preset=&#8221;default&#8221; global_colors_info=&#8221;{}&#8221;][et_pb_image src=&#8221;https:\/\/www.asociacionextraescolararcoiris.com\/wp-content\/uploads\/2025\/02\/4.png&#8221; title_text=&#8221;4&#8243; url=&#8221;https:\/\/www.asociacionextraescolararcoiris.com\/it\/organizzaziione-giornaliera-2025_26\/&#8221; url_new_window=&#8221;on&#8221; _builder_version=&#8221;4.27.4&#8243; _module_preset=&#8221;default&#8221; global_colors_info=&#8221;{}&#8221;][\/et_pb_image][\/et_pb_column][et_pb_column type=&#8221;1_4&#8243; _builder_version=&#8221;4.27.4&#8243; _module_preset=&#8221;default&#8221; global_colors_info=&#8221;{}&#8221;][et_pb_image src=&#8221;https:\/\/www.asociacionextraescolararcoiris.com\/wp-content\/uploads\/2025\/04\/it.png&#8221; title_text=&#8221;it&#8221; url=&#8221;https:\/\/www.asociacionextraescolararcoiris.com\/it\/servizi-2\/&#8221; url_new_window=&#8221;on&#8221; _builder_version=&#8221;4.27.4&#8243; _module_preset=&#8221;default&#8221; global_colors_info=&#8221;{}&#8221;][\/et_pb_image][\/et_pb_column][et_pb_column type=&#8221;1_4&#8243; _builder_version=&#8221;4.27.4&#8243; _module_preset=&#8221;default&#8221; global_colors_info=&#8221;{}&#8221;][et_pb_image src=&#8221;https:\/\/www.asociacionextraescolararcoiris.com\/wp-content\/uploads\/2025\/02\/2.png&#8221; title_text=&#8221;2&#8243; url=&#8221;https:\/\/www.asociacionextraescolararcoiris.com\/wp-content\/uploads\/2024\/07\/Delega-uscita.it_-2.pdf&#8221; url_new_window=&#8221;on&#8221; _builder_version=&#8221;4.27.4&#8243; _module_preset=&#8221;default&#8221; global_colors_info=&#8221;{}&#8221;][\/et_pb_image][\/et_pb_column][\/et_pb_row][et_pb_row _builder_version=&#8221;4.26.0&#8243; _module_preset=&#8221;default&#8221; global_colors_info=&#8221;{}&#8221;][et_pb_column type=&#8221;4_4&#8243; _builder_version=&#8221;4.26.0&#8243; _module_preset=&#8221;default&#8221; global_colors_info=&#8221;{}&#8221;][et_pb_text _builder_version=&#8221;4.27.4&#8243; _module_preset=&#8221;default&#8221; width=&#8221;100%&#8221; global_colors_info=&#8221;{}&#8221;]<\/p>\n<h4 style=\"text-align: justify;\"><span style=\"color: #0000ff;\">Il nostro progetto ha l\u2019obiettivo di offrire ai bambini\/e un luogo di socializzazione e di stimolo delle loro potenzialit\u00e0 cognitive, affettive e sociali, dando per\u00f2 ampio spazio ai temi dell\u2019affettivit\u00e0 e della relazione: perch\u00e9 non esiste educazione senza una relazione affettiva tra adulto e bambino.<\/span><\/h4>\n<h4 style=\"text-align: justify;\"><span style=\"color: #0000ff;\">Offriamo un servizio alle famiglie che hanno la necessit\u00e0 o fanno la scelta di affidare i loro figli a personale educativo qualificato in un ambiente adeguato, ricco di proposte e di attivit\u00e0 dove, attraverso esperienze ludiche, sia favorita la crescita armoniosa di ciascun bambino.<\/span><\/h4>\n<h4 style=\"text-align: justify;\"><span style=\"color: #0000ff;\">Tutto il nostro personale educativo, altamente qualificato, \u00e8 pronto ad accogliere i vostri piccoli con professionalit\u00e0 e passione, in un ambiente adeguato, ricco di stimoli e nuove esperienze, con capacit\u00e0 inventiva e capacit\u00e0 di adattarsi al meglio ad ogni situazione per favorirne la crescita armonica rispettando le caratteristiche di ciascuno.<\/span><\/h4>\n<h4 style=\"text-align: justify;\"><span style=\"color: #0000ff;\">Ogni bambino \u00e8 unico.<\/span><\/h4>\n<h4 style=\"text-align: justify;\"><span style=\"color: #0000ff;\">Tutte le nostre attivit\u00e0 e servizi sono sotto la supervisione della Responsabile della Scuola dell\u2019Infanzia per favorire l\u2019inserimento per l\u2019anno successivo per coloro che vogliono continuare nella nostra Scuola.<\/span><\/h4>\n<h4 style=\"text-align: justify;\"><span style=\"color: #0000ff;\">La metodologia utilizzata durante le attivit\u00e0 sar\u00e0 pratica, attiva e motivante in un ambiente giocoso,\u00a0 gradevole, sereno e sicuro dove ci sono le condizioni per costruire la propria autostima e sviluppare la fiducia in s\u00e9 e negli altri.<\/span><\/h4>\n<h4 style=\"text-align: justify;\"><span style=\"color: #0000ff;\">In questo cammino fatto di esperienza e conquista il GIOCO ricopre un ruolo fondamentale.<\/span><\/h4>\n<h4 style=\"text-align: justify;\"><span style=\"color: #0000ff;\">Il bambino gioca per acquisire conoscenze; il gioco sviluppa linguaggio, disegno, attivit\u00e0 logica, creativit\u00e0, espressione ed inoltre \u00e8 fondamentale per stabilire rapporti con s\u00e9, con gli altri e con la realt\u00e0 esterna<\/span><\/h4>\n<h4 style=\"text-align: justify;\"><span style=\"color: #0000ff;\">L\u2019associazione offre un orario flessibile per favorire la conciliazione famiglia-lavoro, sperando che voi possiate trovare nel nostro servizio un supporto al vostro essere genitori.<\/span><\/h4>\n<h4 style=\"text-align: justify;\"><span style=\"color: #0000ff;\">Il servizio \u00e8 aperto da settembre a luglio, da luned\u00ec a venerd\u00ec.<\/span><\/h4>\n<h4 style=\"text-align: justify;\"><span style=\"color: #0000ff;\">Ai fini dell\u2019iscrizione del\/della bambino\/a \u00e8 necessaria la compilazione del modulo di iscrizione e il versamento della relativa quota di iscrizione.<\/span><\/h4>\n<h4 style=\"text-align: justify;\"><span style=\"color: #0000ff;\">Sul modulo di iscrizione potrete scegliere l\u2019orario di uscita pi\u00f9 consono alle vostre esigenze.<\/span><\/h4>\n<h4 style=\"text-align: justify;\"><span style=\"color: #0000ff;\">Per orari diversi da quelli programmati potete scrivere a:<\/span><\/h4>\n<h4 style=\"text-align: justify;\"><span style=\"color: #0000ff;\">a.e.arcoiris@gmail.com<\/span><\/h4>\n<p>[\/et_pb_text][\/et_pb_column][\/et_pb_row][\/et_pb_section][et_pb_section fb_built=&#8221;1&#8243; admin_label=&#8221;section&#8221; _builder_version=&#8221;4.16&#8243; global_colors_info=&#8221;{}&#8221;][\/et_pb_section]<\/p>\n","protected":false},"excerpt":{"rendered":"<p>Gruppo &#8220;Girasoli&#8221; &nbsp; gioco&#8230;.creo&#8230;..e&#8230;..mi divierto a.s. 2025_26Il nostro progetto ha l\u2019obiettivo di offrire ai bambini\/e un luogo di socializzazione e di stimolo delle loro potenzialit\u00e0 cognitive, affettive e sociali, dando per\u00f2 ampio spazio ai temi dell\u2019affettivit\u00e0 e della relazione: perch\u00e9 non esiste educazione senza una relazione affettiva tra adulto e bambino. Offriamo un servizio alle [&hellip;]<\/p>\n","protected":false},"author":2,"featured_media":0,"parent":0,"menu_order":0,"comment_status":"closed","ping_status":"closed","template":"","meta":{"_et_pb_use_builder":"on","_et_pb_old_content":"","_et_gb_content_width":"","footnotes":""},"class_list":["post-7817","page","type-page","status-publish","hentry"],"aioseo_notices":[],"_links":{"self":[{"href":"https:\/\/www.asociacionextraescolararcoiris.com\/it\/wp-json\/wp\/v2\/pages\/7817","targetHints":{"allow":["GET"]}}],"collection":[{"href":"https:\/\/www.asociacionextraescolararcoiris.com\/it\/wp-json\/wp\/v2\/pages"}],"about":[{"href":"https:\/\/www.asociacionextraescolararcoiris.com\/it\/wp-json\/wp\/v2\/types\/page"}],"author":[{"embeddable":true,"href":"https:\/\/www.asociacionextraescolararcoiris.com\/it\/wp-json\/wp\/v2\/users\/2"}],"replies":[{"embeddable":true,"href":"https:\/\/www.asociacionextraescolararcoiris.com\/it\/wp-json\/wp\/v2\/comments?post=7817"}],"version-history":[{"count":42,"href":"https:\/\/www.asociacionextraescolararcoiris.com\/it\/wp-json\/wp\/v2\/pages\/7817\/revisions"}],"predecessor-version":[{"id":8881,"href":"https:\/\/www.asociacionextraescolararcoiris.com\/it\/wp-json\/wp\/v2\/pages\/7817\/revisions\/8881"}],"wp:attachment":[{"href":"https:\/\/www.asociacionextraescolararcoiris.com\/it\/wp-json\/wp\/v2\/media?parent=7817"}],"curies":[{"name":"wp","href":"https:\/\/api.w.org\/{rel}","templated":true}]}}