{"id":513,"date":"2016-02-19T17:59:51","date_gmt":"2016-02-19T17:59:51","guid":{"rendered":"https:\/\/www.asociacionextraescolararcoiris.com\/?page_id=513&#038;lang=it"},"modified":"2026-04-08T13:56:59","modified_gmt":"2026-04-08T13:56:59","slug":"servizi-2","status":"publish","type":"page","link":"https:\/\/www.asociacionextraescolararcoiris.com\/it\/servizi-2\/","title":{"rendered":"Servizi"},"content":{"rendered":"<p>[et_pb_section fb_built=&#8221;1&#8243; admin_label=&#8221;section&#8221; _builder_version=&#8221;4.16&#8243; global_colors_info=&#8221;{}&#8221;][et_pb_row column_structure=&#8221;1_2,1_2&#8243; _builder_version=&#8221;4.16&#8243; background_size=&#8221;initial&#8221; background_position=&#8221;top_left&#8221; background_repeat=&#8221;repeat&#8221; global_colors_info=&#8221;{}&#8221;][et_pb_column type=&#8221;1_2&#8243; _builder_version=&#8221;4.16&#8243; custom_padding=&#8221;|||&#8221; global_colors_info=&#8221;{}&#8221; custom_padding__hover=&#8221;|||&#8221;][et_pb_text _builder_version=&#8221;4.27.6&#8243; hover_enabled=&#8221;0&#8243; z_index_tablet=&#8221;500&#8243; text_text_shadow_horizontal_length_tablet=&#8221;0px&#8221; text_text_shadow_vertical_length_tablet=&#8221;0px&#8221; text_text_shadow_blur_strength_tablet=&#8221;1px&#8221; link_text_shadow_horizontal_length_tablet=&#8221;0px&#8221; link_text_shadow_vertical_length_tablet=&#8221;0px&#8221; link_text_shadow_blur_strength_tablet=&#8221;1px&#8221; ul_text_shadow_horizontal_length_tablet=&#8221;0px&#8221; ul_text_shadow_vertical_length_tablet=&#8221;0px&#8221; ul_text_shadow_blur_strength_tablet=&#8221;1px&#8221; ol_text_shadow_horizontal_length_tablet=&#8221;0px&#8221; ol_text_shadow_vertical_length_tablet=&#8221;0px&#8221; ol_text_shadow_blur_strength_tablet=&#8221;1px&#8221; quote_text_shadow_horizontal_length_tablet=&#8221;0px&#8221; quote_text_shadow_vertical_length_tablet=&#8221;0px&#8221; quote_text_shadow_blur_strength_tablet=&#8221;1px&#8221; header_text_shadow_horizontal_length_tablet=&#8221;0px&#8221; header_text_shadow_vertical_length_tablet=&#8221;0px&#8221; header_text_shadow_blur_strength_tablet=&#8221;1px&#8221; header_2_text_shadow_horizontal_length_tablet=&#8221;0px&#8221; header_2_text_shadow_vertical_length_tablet=&#8221;0px&#8221; header_2_text_shadow_blur_strength_tablet=&#8221;1px&#8221; header_3_text_shadow_horizontal_length_tablet=&#8221;0px&#8221; header_3_text_shadow_vertical_length_tablet=&#8221;0px&#8221; header_3_text_shadow_blur_strength_tablet=&#8221;1px&#8221; header_4_text_shadow_horizontal_length_tablet=&#8221;0px&#8221; header_4_text_shadow_vertical_length_tablet=&#8221;0px&#8221; header_4_text_shadow_blur_strength_tablet=&#8221;1px&#8221; header_5_text_shadow_horizontal_length_tablet=&#8221;0px&#8221; header_5_text_shadow_vertical_length_tablet=&#8221;0px&#8221; header_5_text_shadow_blur_strength_tablet=&#8221;1px&#8221; header_6_text_shadow_horizontal_length_tablet=&#8221;0px&#8221; header_6_text_shadow_vertical_length_tablet=&#8221;0px&#8221; header_6_text_shadow_blur_strength_tablet=&#8221;1px&#8221; box_shadow_horizontal_tablet=&#8221;0px&#8221; box_shadow_vertical_tablet=&#8221;0px&#8221; box_shadow_blur_tablet=&#8221;40px&#8221; box_shadow_spread_tablet=&#8221;0px&#8221; global_colors_info=&#8221;{}&#8221; sticky_enabled=&#8221;0&#8243;]<\/p>\n<h4 style=\"font-family: verdana; text-align: center;\"><span style=\"color: #3366ff;\"><strong>Servizio\u00a0mensa<\/strong><\/span><\/h4>\n<p>&nbsp;<\/p>\n<h3><a href=\"https:\/\/www.asociacionextraescolararcoiris.com\/wp-content\/uploads\/2026\/04\/Menu-2-anos-abril-2026.pdf\" target=\"_blank\" rel=\"noopener\"><span style=\"color: #0000ff;\">Men\u00f9 2 ANNI<\/span><\/a><\/h3>\n<h3><a href=\"https:\/\/www.asociacionextraescolararcoiris.com\/wp-content\/uploads\/2026\/04\/Menu-Aprile.pdf\" target=\"_blank\" rel=\"noopener\"><span style=\"color: #0000ff;\">Men\u00f9 aprile<\/span><\/a><\/h3>\n<h4><strong><span style=\"color: #ff00ff;\">Consigli cena<\/span><\/strong><\/h4>\n<h4><a href=\"https:\/\/www.asociacionextraescolararcoiris.com\/wp-content\/uploads\/2026\/04\/SIN-LACTEOS-abril-2026.pdf\" target=\"_blank\" rel=\"noopener\"><strong><span style=\"color: #ff00ff;\">Senza lattosio\u00a0<\/span><\/strong><\/a><\/h4>\n<h4><a href=\"https:\/\/www.asociacionextraescolararcoiris.com\/wp-content\/uploads\/2026\/04\/SIN-MERLUZA-NI-GALLO-SAN-PEDRO-abril-2026.pdf\" target=\"_blank\" rel=\"noopener\"><strong><span style=\"color: #ff00ff;\">Senza &#8220;gallo y merluza&#8221;<\/span><\/strong><\/a><\/h4>\n<h4><a href=\"https:\/\/www.asociacionextraescolararcoiris.com\/wp-content\/uploads\/2026\/04\/SIN-MARISCO-NI-CRUSTACEOS-Abril-1-1.pdf\" target=\"_blank\" rel=\"noopener\"><strong><span style=\"color: #ff00ff;\">Senza frutti di mare ne crostacei\u00a0<\/span><\/strong><\/a><\/h4>\n<h4><a href=\"https:\/\/www.asociacionextraescolararcoiris.com\/wp-content\/uploads\/2026\/04\/SIN-GLUTEN-abril-2026.pdf\" target=\"_blank\" rel=\"noopener\"><strong><span style=\"color: #ff00ff;\">Senza glutine<\/span><\/strong><\/a><\/h4>\n<p><span style=\"color: #0000ff;\">L\u2019azienda che gestisce il servizio-mensa \u00e8 <\/span><\/p>\n<p><span style=\"color: #0000ff;\">EUREST COLECTIVIDADES SLU.<\/span><\/p>\n<p><span style=\"color: #0000ff;\">I men\u00f9 mensili, in cui predominano i vari cibi tipici delle regioni italiane, preparati da un esperto cuoco italiano, sono visionati dalla Responsabile della &#8220;Scuola dell&#8217;infanzia&#8221; e da un comitato di genitori, eletti tra di loro, che partecipano anche al corretto funzionamento del servizio.<\/span><\/p>\n<p style=\"font-family: verdana;\"><a href=\"https:\/\/www.asociacionextraescolararcoiris.com\/wp-content\/uploads\/2016\/04\/SERVIZIO-MENSA.pdf\" target=\"_blank\" rel=\"noopener\"><span style=\"color: #ff00ff;\">Nostro compromesso, per maggiori informazioni clicca qui <\/span><\/a><\/p>\n<p>&nbsp;<\/p>\n<h5><a href=\"https:\/\/www.asociacionextraescolararcoiris.com\/it\/linee-di-indirizzo-nazionale-per-la-ristorazione-scolastica\/\">Linee di indirizzo nazionale per la ristorazione scolastica clicca qui<\/a><\/h5>\n<h5>\u00a0<\/h5>\n<p>[\/et_pb_text][\/et_pb_column][et_pb_column type=&#8221;1_2&#8243; _builder_version=&#8221;4.16&#8243; custom_padding=&#8221;|||&#8221; global_colors_info=&#8221;{}&#8221; custom_padding__hover=&#8221;|||&#8221;][et_pb_text _builder_version=&#8221;4.27.4&#8243; _module_preset=&#8221;default&#8221; global_colors_info=&#8221;{}&#8221;]<\/p>\n<h4 style=\"text-align: center;\"><strong><span style=\"color: #ff00ff;\">SERVIZIO PARAMEDICO<\/span><\/strong><\/h4>\n<p><span style=\"color: #ff00ff;\"><strong>Somministra farmaci, previa autorizzazione dei genitori.<\/strong><\/span><\/p>\n<p><span style=\"color: #ff00ff;\"><strong>Primo soccorso in caso d\u2019incidente.<\/strong><\/span><\/p>\n<p>[\/et_pb_text][et_pb_text _builder_version=&#8221;4.27.4&#8243; z_index_tablet=&#8221;500&#8243; text_text_shadow_horizontal_length_tablet=&#8221;0px&#8221; text_text_shadow_vertical_length_tablet=&#8221;0px&#8221; text_text_shadow_blur_strength_tablet=&#8221;1px&#8221; link_text_shadow_horizontal_length_tablet=&#8221;0px&#8221; link_text_shadow_vertical_length_tablet=&#8221;0px&#8221; link_text_shadow_blur_strength_tablet=&#8221;1px&#8221; ul_text_shadow_horizontal_length_tablet=&#8221;0px&#8221; ul_text_shadow_vertical_length_tablet=&#8221;0px&#8221; ul_text_shadow_blur_strength_tablet=&#8221;1px&#8221; ol_text_shadow_horizontal_length_tablet=&#8221;0px&#8221; ol_text_shadow_vertical_length_tablet=&#8221;0px&#8221; ol_text_shadow_blur_strength_tablet=&#8221;1px&#8221; quote_text_shadow_horizontal_length_tablet=&#8221;0px&#8221; quote_text_shadow_vertical_length_tablet=&#8221;0px&#8221; quote_text_shadow_blur_strength_tablet=&#8221;1px&#8221; header_text_shadow_horizontal_length_tablet=&#8221;0px&#8221; header_text_shadow_vertical_length_tablet=&#8221;0px&#8221; header_text_shadow_blur_strength_tablet=&#8221;1px&#8221; header_2_text_shadow_horizontal_length_tablet=&#8221;0px&#8221; header_2_text_shadow_vertical_length_tablet=&#8221;0px&#8221; header_2_text_shadow_blur_strength_tablet=&#8221;1px&#8221; header_3_text_shadow_horizontal_length_tablet=&#8221;0px&#8221; header_3_text_shadow_vertical_length_tablet=&#8221;0px&#8221; header_3_text_shadow_blur_strength_tablet=&#8221;1px&#8221; header_4_text_shadow_horizontal_length_tablet=&#8221;0px&#8221; header_4_text_shadow_vertical_length_tablet=&#8221;0px&#8221; header_4_text_shadow_blur_strength_tablet=&#8221;1px&#8221; header_5_text_shadow_horizontal_length_tablet=&#8221;0px&#8221; header_5_text_shadow_vertical_length_tablet=&#8221;0px&#8221; header_5_text_shadow_blur_strength_tablet=&#8221;1px&#8221; header_6_text_shadow_horizontal_length_tablet=&#8221;0px&#8221; header_6_text_shadow_vertical_length_tablet=&#8221;0px&#8221; header_6_text_shadow_blur_strength_tablet=&#8221;1px&#8221; box_shadow_horizontal_tablet=&#8221;0px&#8221; box_shadow_vertical_tablet=&#8221;0px&#8221; box_shadow_blur_tablet=&#8221;40px&#8221; box_shadow_spread_tablet=&#8221;0px&#8221; global_colors_info=&#8221;{}&#8221;]<\/p>\n<h4 style=\"font-family: verdana; text-align: center;\"><span style=\"color: #3366ff;\"><strong>Giocolando<\/strong><\/span><\/h4>\n<p>&nbsp;<\/p>\n<h5 style=\"font-family: verdana;\"><span style=\"color: #3366ff;\"><strong>servizio assistenza durante le riunioni scuola-famiglia &#8220;Scuola dell&#8217;Infanzia &#8211; Madrid&#8221;<\/strong><\/span><\/h5>\n<h4><span style=\"color: #0000ff;\">Il ricavato sar\u00e0 donato a la &#8220;Fundaci\u00f3n Peque\u00f1o deseo&#8221;<\/span><\/h4>\n<p>&nbsp;<\/p>\n<p>&nbsp;<\/p>\n<p>[\/et_pb_text][et_pb_image src=&#8221;https:\/\/www.asociacionextraescolararcoiris.com\/wp-content\/uploads\/2025\/11\/pequeno-deseo-1.png&#8221; title_text=&#8221;peque\u00f1o deseo 1&#8243; _builder_version=&#8221;4.27.4&#8243; _module_preset=&#8221;default&#8221; global_colors_info=&#8221;{}&#8221;][\/et_pb_image][et_pb_image src=&#8221;https:\/\/www.asociacionextraescolararcoiris.com\/wp-content\/uploads\/2025\/11\/Diploma.png&#8221; title_text=&#8221;Diploma&#8221; _builder_version=&#8221;4.27.4&#8243; _module_preset=&#8221;default&#8221; global_colors_info=&#8221;{}&#8221;][\/et_pb_image][\/et_pb_column][\/et_pb_row][\/et_pb_section]<\/p>\n","protected":false},"excerpt":{"rendered":"<p>Servizio\u00a0mensa &nbsp; Men\u00f9 2 ANNI Men\u00f9 aprile Consigli cena Senza lattosio\u00a0 Senza &#8220;gallo y merluza&#8221; Senza frutti di mare ne crostacei\u00a0 Senza glutine L\u2019azienda che gestisce il servizio-mensa \u00e8 EUREST COLECTIVIDADES SLU. I men\u00f9 mensili, in cui predominano i vari cibi tipici delle regioni italiane, preparati da un esperto cuoco italiano, sono visionati dalla Responsabile [&hellip;]<\/p>\n","protected":false},"author":1,"featured_media":0,"parent":0,"menu_order":0,"comment_status":"closed","ping_status":"closed","template":"","meta":{"_et_pb_use_builder":"on","_et_pb_old_content":"","_et_gb_content_width":"","footnotes":""},"class_list":["post-513","page","type-page","status-publish","hentry"],"aioseo_notices":[],"_links":{"self":[{"href":"https:\/\/www.asociacionextraescolararcoiris.com\/it\/wp-json\/wp\/v2\/pages\/513","targetHints":{"allow":["GET"]}}],"collection":[{"href":"https:\/\/www.asociacionextraescolararcoiris.com\/it\/wp-json\/wp\/v2\/pages"}],"about":[{"href":"https:\/\/www.asociacionextraescolararcoiris.com\/it\/wp-json\/wp\/v2\/types\/page"}],"author":[{"embeddable":true,"href":"https:\/\/www.asociacionextraescolararcoiris.com\/it\/wp-json\/wp\/v2\/users\/1"}],"replies":[{"embeddable":true,"href":"https:\/\/www.asociacionextraescolararcoiris.com\/it\/wp-json\/wp\/v2\/comments?post=513"}],"version-history":[{"count":160,"href":"https:\/\/www.asociacionextraescolararcoiris.com\/it\/wp-json\/wp\/v2\/pages\/513\/revisions"}],"predecessor-version":[{"id":9196,"href":"https:\/\/www.asociacionextraescolararcoiris.com\/it\/wp-json\/wp\/v2\/pages\/513\/revisions\/9196"}],"wp:attachment":[{"href":"https:\/\/www.asociacionextraescolararcoiris.com\/it\/wp-json\/wp\/v2\/media?parent=513"}],"curies":[{"name":"wp","href":"https:\/\/api.w.org\/{rel}","templated":true}]}}