{"id":442,"date":"2016-02-07T17:01:14","date_gmt":"2016-02-07T17:01:14","guid":{"rendered":"https:\/\/www.asociacionextraescolararcoiris.com\/?page_id=442&#038;lang=it"},"modified":"2024-11-14T08:03:16","modified_gmt":"2024-11-14T08:03:16","slug":"privacy-policy-2","status":"publish","type":"page","link":"https:\/\/www.asociacionextraescolararcoiris.com\/it\/privacy-policy-2\/","title":{"rendered":"Privacy Policy"},"content":{"rendered":"<p>[et_pb_section fb_built=&#8221;1&#8243; admin_label=&#8221;section&#8221; _builder_version=&#8221;4.16&#8243; global_colors_info=&#8221;{}&#8221;][et_pb_row admin_label=&#8221;row&#8221; _builder_version=&#8221;4.16&#8243; background_size=&#8221;initial&#8221; background_position=&#8221;top_left&#8221; background_repeat=&#8221;repeat&#8221; global_colors_info=&#8221;{}&#8221;][et_pb_column type=&#8221;4_4&#8243; _builder_version=&#8221;4.16&#8243; custom_padding=&#8221;|||&#8221; global_colors_info=&#8221;{}&#8221; custom_padding__hover=&#8221;|||&#8221;][et_pb_text admin_label=&#8221;Texto&#8221; _builder_version=&#8221;4.27.3&#8243; background_size=&#8221;initial&#8221; background_position=&#8221;top_left&#8221; background_repeat=&#8221;repeat&#8221; text_orientation=&#8221;justified&#8221; hover_enabled=&#8221;0&#8243; use_border_color=&#8221;off&#8221; border_color=&#8221;#ffffff&#8221; border_style=&#8221;solid&#8221; global_colors_info=&#8221;{}&#8221; sticky_enabled=&#8221;0&#8243;]<\/p>\n<p style=\"text-align: justify;\"><span style=\"color: #0000ff;\">POL\u00cdTICA DE PRIVACIDAD Y AVISO LEGAL DE ASOCIACI\u00d3N EXTRAESCOLAR ARCO IRIS.<\/span><\/p>\n<p style=\"text-align: justify;\"><span style=\"color: #0000ff;\">1. &#8211; \u00bfQui\u00e9n es el responsable del tratamiento de sus datos?La entidad responsable del tratamiento de sus datos es la ASOCIACI\u00d3N EXTRAESCOLAR ARCO IRIS (en adelante, \u201cASOCIACI\u00d3N ARCO IRIS\u201d) con domicilio social en Calle Augusto Figueroa, n\u00famero 5, 2\u00ba izquierda, 28004, Madrid y NIF G-84630920. Le informamos que la titularidad del dominio de nuestra tienda virtual, www.asociacionextraescolararcoiris.com (en adelante el \u201cSitio Web\u201d). El Usuario podr\u00e1 contactar con la ASOCIACI\u00d3N ARCO IRIS a trav\u00e9s del tel\u00e9fono 609 17 17 75 o mediante correo electr\u00f3nico: a.e.arcoiris@gmail . Igualmente, le informamos que ASOCIACI\u00d3N ARCO IRIS cuenta con Delegado de Protecci\u00f3n de Datos designado ante la Agencia Espa\u00f1ola de Protecci\u00f3n de Datos. Concretamente, el Delegado de Protecci\u00f3n de Datos designado es Luis Seoane G\u00f3mez. El Usuario podr\u00e1 ponerse en contacto para cualquier cuesti\u00f3n relacionada con privacidad y protecci\u00f3n de datos a trav\u00e9s del correo electr\u00f3nico luis.seoane@typeoflegal.com El acceso y\/o uso al Sitio Web le atribuye la condici\u00f3n de Usuario, e implica la aceptaci\u00f3n, desde dicho acceso y\/o uso, del presente Aviso Legal.<\/span><\/p>\n<p style=\"text-align: justify;\"><span style=\"color: #0000ff;\">2. &#8211; \u00bfPor qu\u00e9 la ASOCIACI\u00d3N ARCO IRIS est\u00e1 legitimada para llevar a cabo el tratamiento de datos?La ASOCIACI\u00d3N ARCO IRIS tiene legitimaci\u00f3n para el tratamiento de sus datos para poder llevar a cabo la prestaci\u00f3n de los servicios que haya contratado. La ASOCIACI\u00d3N ARCO IRIS se toma muy en serio la protecci\u00f3n de su privacidad y de sus datos personales. Por lo tanto, su informaci\u00f3n personal se conserva de forma segura y se trata con el m\u00e1ximo cuidado. La presente pol\u00edtica de protecci\u00f3n de datos regula el acceso y el uso del servicio del Sitio Web (en adelante, el \u201cSitio Web\u201d) que la ASOCIACI\u00d3N ARCO IRIS pone a disposici\u00f3n del usuario de internet (en adelante, \u201cUsuario\u201d) interesado en los servicios (en adelante, los Servicios) y contenidos (en adelante, los Contenidos) alojados en el Sitio Web. De conformidad con lo establecido por en la normativa de privacidad aplicable y su normativa de desarrollo, LA ASOCIACI\u00d3N ARCO IRIS, titular de este Sitio Web, informa al Usuario de la existencia de un fichero automatizado de datos de car\u00e1cter personal, debidamente inscrito en el Registro General de la Agencia Espa\u00f1ola de Protecci\u00f3n de Datos, creado por la ASOCIACI\u00d3N ARCO IRIS bajo su responsabilidad.<\/span><\/p>\n<p style=\"text-align: justify;\"><span style=\"color: #0000ff;\">3.- \u00bfCu\u00e1les son las finalidades del tratamiento de sus datos de car\u00e1cter personal por parte de LA ASOCIACI\u00d3N ARCO IRIS? Los datos personales de contacto del usuario ser\u00e1n incorporados a un fichero automatizado y utilizados para remitirle Newsletters y comunicaciones comerciales y promocionales relacionadas con los servicios de la ASOCIACI\u00d3N ARCO IRIS, por carta, tel\u00e9fono, correo electr\u00f3nico, SMS\/MMS, o por otros medios de comunicaci\u00f3n electr\u00f3nica equivalentes y ello al amparo de lo establecido en la normativa aplicable en materia de protecci\u00f3n de datos personales y de comunicaciones comerciales por v\u00eda electr\u00f3nica.<\/span><br \/><span style=\"color: #0000ff;\"> La aceptaci\u00f3n de la presente Pol\u00edtica de Protecci\u00f3n de Datos y Privacidad supone el consentimiento expreso del Usuario al tratamiento de los datos personales facilitados.<\/span><br \/><span style=\"color: #0000ff;\"> No obstante, el Usuario podr\u00e1 revocar el consentimiento, en cada comunicado comercial o publicitario que se le haga llegar, y en cualquier momento, mediante notificaci\u00f3n en la siguiente direcci\u00f3n de correo electr\u00f3nico: a.e.arcoiris@gmail.com o mediante carta dirigida a Calle Augusto Figueroa, n\u00famero 5, 2\u00ba izquierda, 28004, Madrid.<\/span><\/p>\n<p style=\"text-align: justify;\"><span style=\"color: #0000ff;\">4.- Conservaci\u00f3n de los datos<\/span><br \/><span style=\"color: #0000ff;\"> Los datos personales proporcionados se conservar\u00e1n por parte de la ASOCIACI\u00d3N ARCO IRIS mientras el Usuario no manifieste su voluntad de darse de baja de los servicios de la ASOCIACI\u00d3N ARCO IRIS, y ello con la finalidad de recibir informaci\u00f3n sobre productos de la empresa.<\/span><\/p>\n<p>&nbsp;<\/p>\n<p style=\"text-align: justify;\"><span style=\"color: #0000ff;\">5.- Derechos del Usuario en relaci\u00f3n con sus datos<\/span><br \/><span style=\"color: #0000ff;\"> El Usuario tiene derecho a (i) acceder a sus datos personales, as\u00ed como a (ii) solicitar la rectificaci\u00f3n de los datos inexactos o, en su caso, solicitar su supresi\u00f3n, (iii) solicitar la limitaci\u00f3n del tratamiento de sus datos, (iv) oponerse al tratamiento de sus datos, (v) solicitar su portabilidad y\/o (vi) ejercer su derecho al olvido.<\/span><br \/><span style=\"color: #0000ff;\"> El Usuario puede ejercer todos estos derechos en la siguiente direcci\u00f3n de email: a.e.arcoiris@gmail.com indicando, el motivo de su petici\u00f3n.<\/span><br \/><span style=\"color: #0000ff;\"> El Usuario puede tambi\u00e9n, enviar su petici\u00f3n por correo ordinario a la siguiente direcci\u00f3n:<\/span><br \/><span style=\"color: #0000ff;\"> ASOCIACI\u00d3N EXTRAESCOLAR ARCO IRIS, S.L.<\/span><br \/><span style=\"color: #0000ff;\"> Calle Augusto Figueroa, n\u00famero 5, 2\u00ba izquierda,<\/span><br \/><span style=\"color: #0000ff;\"> 28004, Madrid<\/span><br \/><span style=\"color: #0000ff;\"> Sin perjuicio de cualquier otro recurso administrativo o acci\u00f3n judicial, el Usuario tendr\u00e1 derecho a presentar una reclamaci\u00f3n ante una Autoridad de Control, en particular en el Estado miembro en el que tenga su residencia habitual, lugar de trabajo o lugar de la supuesta infracci\u00f3n, en caso de que considere que el tratamiento de sus datos personales no es adecuado a la normativa, as\u00ed como en el caso de no ver satisfecho el ejercicio de sus derechos. La autoridad de control ante la que se haya presentado la reclamaci\u00f3n informar\u00e1 al reclamante sobre el curso y el resultado de la reclamaci\u00f3n.<\/span><\/p>\n<p style=\"text-align: justify;\"><span style=\"color: #0000ff;\">6.- Seguridad de los datos<\/span><br \/><span style=\"color: #0000ff;\"> La protecci\u00f3n de la privacidad y los datos personales de sus clientes y visitantes es muy importante para la ASOCIACI\u00d3N ARCO IRIS. Por lo tanto, la ASOCIACI\u00d3N ARCO IRIS hace todo lo que est\u00e1 en su mano para impedir que sus datos se utilicen de forma inadecuada. A sus datos s\u00f3lo puede acceder el personal autorizado.<\/span><br \/><span style=\"color: #0000ff;\"> La ASOCIACI\u00d3N ARCO IRIS mantiene los niveles de seguridad de protecci\u00f3n de datos personales conforme a la normativa aplicable y ha establecido todos los medios t\u00e9cnicos a su alcance para evitar la p\u00e9rdida, mal uso, alteraci\u00f3n, acceso no autorizado y robo de los datos que el usuario facilite a trav\u00e9s del Sitio Web, sin perjuicio de informarle de que las medidas de seguridad en Internet no son inexpugnables.<\/span><br \/><span style=\"color: #0000ff;\"> La ASOCIACI\u00d3N ARCO IRIS se compromete a cumplir con el deber de secreto y confidencialidad respecto de los datos personales de acuerdo con la legislaci\u00f3n aplicable, as\u00ed como a conferirles un tratamiento seguro en las cesiones y transferencias internacionales de datos que, en su caso, puedan producirse.<\/span><\/p>\n<p style=\"text-align: justify;\"><span style=\"color: #0000ff;\">7.- Uso del Sitio Web<\/span><br \/><span style=\"color: #0000ff;\"> El Sitio Web puede proporcionar acceso a multitud de textos, gr\u00e1ficos, dibujos, dise\u00f1os, c\u00f3digos, software, fotograf\u00edas, m\u00fasica, v\u00eddeos, sonidos, bases de datos, im\u00e1genes, expresiones e informaciones (en adelante, &#8220;Contenidos&#8221;) pertenecientes a la ASOCIACI\u00d3N ARCO IRIS o a terceros, a los que el Usuario puede tener acceso.<\/span><br \/><span style=\"color: #0000ff;\"> El acceso, navegaci\u00f3n y uso del Sitio Web es responsabilidad del Usuario. Dicha responsabilidad se extiende al registro que, en su caso, sea necesario para acceder a Contenidos o servicios que preste el Sitio Web.<\/span><br \/><span style=\"color: #0000ff;\"> Asimismo, le instamos a que comunique a la ASOCIACI\u00d3N ARCO IRIS cualquier hecho del que tenga conocimiento y suponga una conducta contraria a derecho o vulnere derechos de cualquier tercero a trav\u00e9s de las herramientas del Sitio Web.<\/span><br \/><span style=\"color: #0000ff;\"> El Usuario se obliga a usar los Contenidos y servicios ofrecidos a trav\u00e9s del Sitio Web de forma diligente, correcta y l\u00edcita y, con car\u00e1cter enunciativo, pero no limitativo, se compromete a abstenerse de:<\/span><br \/><span style=\"color: #0000ff;\"> \u2022 Utilizar los contenidos con fines o efectos contrarios a la ley, a la buena fe y al orden p\u00fablico;<\/span><br \/><span style=\"color: #0000ff;\"> \u2022 Provocar da\u00f1os en los sistemas f\u00edsicos y l\u00f3gicos del titular del Sitio Web, de sus proveedores o de terceras personas<\/span><br \/><span style=\"color: #0000ff;\"> \u2022 Introducir o difundir en la red virus inform\u00e1ticos o cualesquiera otros sistemas f\u00edsicos o l\u00f3gicos que sean susceptibles de provocar los da\u00f1os anteriormente mencionados.<\/span><\/p>\n<p style=\"text-align: justify;\"><span style=\"color: #0000ff;\">8.- Pr\u00e1cticas no permitidas<\/span><br \/><span style=\"color: #0000ff;\"> La ASOCIACI\u00d3N ARCO IRIS anular\u00e1 el registro de Usuarios que: (i) incluyan o promocionen material il\u00edcito, inmoral, obsceno o nocivo; (ii) promocionen cualquier tipo de discriminaci\u00f3n; (iii) Remitan &#8220;bulk\u201d (correo masivo), \u201cjunk\u201d (correo basura), pedidos fraudulentos, o spam e-mail (correo no deseado)&#8221; o &#8220;newsgroup communications&#8221; cuando no hayan sido solicitados; (iv) incumplan alg\u00fan derecho de propiedad intelectual o industrial de terceras compa\u00f1\u00edas. Asimismo, el Usuario se obliga a abstenerse de utilizar y recabar datos a partir de listas de distribuci\u00f3n a las que se pueda acceder a trav\u00e9s de las informaciones y servicios contenidos en el Sitio Web para la realizaci\u00f3n de actividades con fines promocionales o publicitarios, as\u00ed<\/span><br \/><span style=\"color: #0000ff;\"> como de remitir comunicaciones comerciales de cualquier clase y a trav\u00e9s de cualquier soporte no solicitados ni previamente consentidos por la ASOCIACI\u00d3N ARCO IRIS y\/o los Usuarios del Sitio Web.<\/span><\/p>\n<p style=\"text-align: justify;\"><span style=\"color: #0000ff;\">9.- Preguntas<\/span><br \/><span style=\"color: #0000ff;\"> Si tiene alguna pregunta sobre esta pol\u00edtica de privacidad, rogamos que se ponga en contacto con nosotros enviando un email a a.e.arcoiris@gmail.com<\/span><\/p>\n<p style=\"text-align: justify;\"><span style=\"color: #0000ff;\">10.-Cambios<\/span><br \/><span style=\"color: #0000ff;\"> La ASOCIACI\u00d3N ARCO IRIS se reserva el derecho de revisar su pol\u00edtica de privacidad en el momento que lo considere oportuno. Por esta raz\u00f3n, le rogamos que compruebe de forma regular esta declaraci\u00f3n de privacidad para leer la versi\u00f3n m\u00e1s reciente de la pol\u00edtica de privacidad de la ASOCIACI\u00d3N ARCO IRIS<\/span><\/p>\n<p>&nbsp;<\/p>\n<p>[\/et_pb_text][\/et_pb_column][\/et_pb_row][\/et_pb_section]<\/p>\n","protected":false},"excerpt":{"rendered":"<p>POL\u00cdTICA DE PRIVACIDAD Y AVISO LEGAL DE ASOCIACI\u00d3N EXTRAESCOLAR ARCO IRIS. 1. &#8211; \u00bfQui\u00e9n es el responsable del tratamiento de sus datos?La entidad responsable del tratamiento de sus datos es la ASOCIACI\u00d3N EXTRAESCOLAR ARCO IRIS (en adelante, \u201cASOCIACI\u00d3N ARCO IRIS\u201d) con domicilio social en Calle Augusto Figueroa, n\u00famero 5, 2\u00ba izquierda, 28004, Madrid y NIF [&hellip;]<\/p>\n","protected":false},"author":1,"featured_media":0,"parent":0,"menu_order":0,"comment_status":"closed","ping_status":"closed","template":"","meta":{"_et_pb_use_builder":"on","_et_pb_old_content":"","_et_gb_content_width":"","footnotes":""},"class_list":["post-442","page","type-page","status-publish","hentry"],"aioseo_notices":[],"_links":{"self":[{"href":"https:\/\/www.asociacionextraescolararcoiris.com\/it\/wp-json\/wp\/v2\/pages\/442","targetHints":{"allow":["GET"]}}],"collection":[{"href":"https:\/\/www.asociacionextraescolararcoiris.com\/it\/wp-json\/wp\/v2\/pages"}],"about":[{"href":"https:\/\/www.asociacionextraescolararcoiris.com\/it\/wp-json\/wp\/v2\/types\/page"}],"author":[{"embeddable":true,"href":"https:\/\/www.asociacionextraescolararcoiris.com\/it\/wp-json\/wp\/v2\/users\/1"}],"replies":[{"embeddable":true,"href":"https:\/\/www.asociacionextraescolararcoiris.com\/it\/wp-json\/wp\/v2\/comments?post=442"}],"version-history":[{"count":8,"href":"https:\/\/www.asociacionextraescolararcoiris.com\/it\/wp-json\/wp\/v2\/pages\/442\/revisions"}],"predecessor-version":[{"id":8135,"href":"https:\/\/www.asociacionextraescolararcoiris.com\/it\/wp-json\/wp\/v2\/pages\/442\/revisions\/8135"}],"wp:attachment":[{"href":"https:\/\/www.asociacionextraescolararcoiris.com\/it\/wp-json\/wp\/v2\/media?parent=442"}],"curies":[{"name":"wp","href":"https:\/\/api.w.org\/{rel}","templated":true}]}}