{"id":2513,"date":"2019-12-02T10:00:33","date_gmt":"2019-12-02T10:00:33","guid":{"rendered":"https:\/\/www.asociacionextraescolararcoiris.com\/teatro-en-ingles-2019_20\/"},"modified":"2023-03-05T19:16:47","modified_gmt":"2023-03-05T19:16:47","slug":"teatro-in-inglese","status":"publish","type":"page","link":"https:\/\/www.asociacionextraescolararcoiris.com\/it\/teatro-in-inglese\/","title":{"rendered":"Teatro in inglese"},"content":{"rendered":"<p>[et_pb_section fb_built=&#8221;1&#8243; _builder_version=&#8221;4.16&#8243; global_colors_info=&#8221;{}&#8221;][et_pb_row _builder_version=&#8221;4.16&#8243; background_size=&#8221;initial&#8221; background_position=&#8221;top_left&#8221; background_repeat=&#8221;repeat&#8221; global_colors_info=&#8221;{}&#8221; column_structure=&#8221;1_3,2_3&#8243;][et_pb_column type=&#8221;1_3&#8243; _builder_version=&#8221;4.16&#8243; custom_padding=&#8221;|||&#8221; global_colors_info=&#8221;{}&#8221; custom_padding__hover=&#8221;|||&#8221;][et_pb_image src=&#8221;https:\/\/www.asociacionextraescolararcoiris.com\/wp-content\/uploads\/2019\/12\/Empieza-el-espetaculo.png&#8221; _builder_version=&#8221;4.16&#8243; z_index_tablet=&#8221;500&#8243; box_shadow_horizontal_tablet=&#8221;0px&#8221; box_shadow_vertical_tablet=&#8221;0px&#8221; box_shadow_blur_tablet=&#8221;40px&#8221; box_shadow_spread_tablet=&#8221;0px&#8221; global_colors_info=&#8221;{}&#8221;][\/et_pb_image][et_pb_image src=&#8221;https:\/\/www.asociacionextraescolararcoiris.com\/wp-content\/uploads\/2019\/12\/Teatro-1.png&#8221; _builder_version=&#8221;4.16&#8243; z_index_tablet=&#8221;500&#8243; box_shadow_horizontal_tablet=&#8221;0px&#8221; box_shadow_vertical_tablet=&#8221;0px&#8221; box_shadow_blur_tablet=&#8221;40px&#8221; box_shadow_spread_tablet=&#8221;0px&#8221; global_colors_info=&#8221;{}&#8221;][\/et_pb_image][\/et_pb_column][et_pb_column type=&#8221;2_3&#8243; _builder_version=&#8221;4.16&#8243; custom_padding=&#8221;|||&#8221; global_colors_info=&#8221;{}&#8221; custom_padding__hover=&#8221;|||&#8221;][et_pb_text _builder_version=&#8221;4.20.0&#8243; hover_enabled=&#8221;0&#8243; z_index_tablet=&#8221;500&#8243; text_text_shadow_horizontal_length_tablet=&#8221;0px&#8221; text_text_shadow_vertical_length_tablet=&#8221;0px&#8221; text_text_shadow_blur_strength_tablet=&#8221;1px&#8221; link_text_shadow_horizontal_length_tablet=&#8221;0px&#8221; link_text_shadow_vertical_length_tablet=&#8221;0px&#8221; link_text_shadow_blur_strength_tablet=&#8221;1px&#8221; ul_text_shadow_horizontal_length_tablet=&#8221;0px&#8221; ul_text_shadow_vertical_length_tablet=&#8221;0px&#8221; ul_text_shadow_blur_strength_tablet=&#8221;1px&#8221; ol_text_shadow_horizontal_length_tablet=&#8221;0px&#8221; ol_text_shadow_vertical_length_tablet=&#8221;0px&#8221; ol_text_shadow_blur_strength_tablet=&#8221;1px&#8221; quote_text_shadow_horizontal_length_tablet=&#8221;0px&#8221; quote_text_shadow_vertical_length_tablet=&#8221;0px&#8221; quote_text_shadow_blur_strength_tablet=&#8221;1px&#8221; header_text_shadow_horizontal_length_tablet=&#8221;0px&#8221; header_text_shadow_vertical_length_tablet=&#8221;0px&#8221; header_text_shadow_blur_strength_tablet=&#8221;1px&#8221; header_2_text_shadow_horizontal_length_tablet=&#8221;0px&#8221; header_2_text_shadow_vertical_length_tablet=&#8221;0px&#8221; header_2_text_shadow_blur_strength_tablet=&#8221;1px&#8221; header_3_text_shadow_horizontal_length_tablet=&#8221;0px&#8221; header_3_text_shadow_vertical_length_tablet=&#8221;0px&#8221; header_3_text_shadow_blur_strength_tablet=&#8221;1px&#8221; header_4_text_shadow_horizontal_length_tablet=&#8221;0px&#8221; header_4_text_shadow_vertical_length_tablet=&#8221;0px&#8221; header_4_text_shadow_blur_strength_tablet=&#8221;1px&#8221; header_5_text_shadow_horizontal_length_tablet=&#8221;0px&#8221; header_5_text_shadow_vertical_length_tablet=&#8221;0px&#8221; header_5_text_shadow_blur_strength_tablet=&#8221;1px&#8221; header_6_text_shadow_horizontal_length_tablet=&#8221;0px&#8221; header_6_text_shadow_vertical_length_tablet=&#8221;0px&#8221; header_6_text_shadow_blur_strength_tablet=&#8221;1px&#8221; box_shadow_horizontal_tablet=&#8221;0px&#8221; box_shadow_vertical_tablet=&#8221;0px&#8221; box_shadow_blur_tablet=&#8221;40px&#8221; box_shadow_spread_tablet=&#8221;0px&#8221; global_colors_info=&#8221;{}&#8221; sticky_enabled=&#8221;0&#8243;]<\/p>\n<p style=\"text-align: justify;\"><span style=\"color: #ff00ff;\">L&#8217;attivit\u00e0\u00a0ha come obiettivo l\u2019apprendimento di una nuova lingua straniera attraverso il gioco e il divertimento.<\/span><\/p>\n<p style=\"text-align: justify;\"><span style=\"color: #ff00ff;\">L\u2019attivit\u00e0 \u00e8 volta all&#8217;acquisizione di nuove parole e nuove strutture e, in particolare, alla familiarizzazione con nuovi suoni attraverso l&#8217;ascolto e l\u2019utilizzo di storie, canzoni, giochi, marionette. Tutto questo in un \u201cambiente teatrale\u201d incentrato su valori quali la solidariet\u00e0, il rispetto, l&#8217;amicizia, l&#8217;uguaglianza, la disinibizione e la tolleranza verso i compagni di classe.<\/span><\/p>\n<p style=\"text-align: justify;\"><span style=\"color: #ff00ff;\">OBIETTIVI DEL PROGRAMMA<\/span><\/p>\n<ul style=\"text-align: justify;\">\n<li><span style=\"color: #ff00ff;\">acquisizione di parole e frasi in inglese su argomenti come i numeri, i colori, i saluti, gli animali, alcuni personaggi;<\/span><\/li>\n<li><span style=\"color: #ff00ff;\">imparare a presentarsi e a comprendere semplici informazioni come sedersi, aprire la porta, andare in bagno, prendere le matite, etc. Tutto questo a partire da un\u2019attivit\u00e0 giocosa come \u00e8 il teatro dove tutti i bambini sono, di volta in volta, attori e pubblico e dove imparano a parlare in inglese con disinvoltura e senza timidezza;<\/span><\/li>\n<li><span style=\"color: #ff00ff;\">imparare a pronunciare parole nuove, attraverso un\u2019attivit\u00e0 di ascolto e ripetizione di tutte le parole che fanno parte di uno stesso insieme di significato;<\/span><\/li>\n<li><span style=\"color: #ff00ff;\">giocare interpretando diversi personaggi o animali, cercando sempre di capire le spiegazioni in inglese;<\/span><\/li>\n<li><span style=\"color: #ff00ff;\">praticare i nuovi concetti appresi in modo semplice e divertente, perch\u00e9 attraverso il creativo gioco del teatro \u00e8 pi\u00f9 facile coinvolgere l&#8217;intera classe in un\u2019attivit\u00e0 di collaborazione tra attori e pubblico; questo obiettivo \u00e8 particolarmente importante perch\u00e9 i bambini imparino a\u00a0 riconoscere i diversi ruoli che di volta in volta sono portati a interpretare nella loro vita quotidiana, ruoli che non sempre sono di protagonisti al centro dell\u2019attenzione, e imparino a potenziare l\u2019unione e la generosit\u00e0 tra di loro;<\/span><\/li>\n<li><span style=\"color: #ff00ff;\">incoraggiare la collaborazione e la partecipazione dei bambini nelle attivit\u00e0 in classe perch\u00e9 diventino un piacevole momento di divertimento.<\/span><\/li>\n<\/ul>\n<p style=\"text-align: justify;\"><span style=\"color: #ff00ff;\">METODOLOG\u00cdA E RISORSE UTILIZZATE<\/span><\/p>\n<p style=\"text-align: justify;\"><span style=\"color: #ff00ff;\">L\u2019attivit\u00e0, appositamente pensata per i bambini della scuola dell\u2019infanzia, \u00e8 basata su giochi, canzoni, disegni, racconti, burattini ed esercizi teatrali.<\/span><\/p>\n<p style=\"text-align: justify;\"><span style=\"color: #ff00ff;\">Le lezioni sono partecipative, interattive e dinamiche. In questo modo il bambino \u00e8 portato a praticare, perfezionare e consolidare la conoscenza della lingua inglese e contemporaneamente familiarizzare con un\u2019altra lingua, acquisendo fiducia in se stesso e divertendosi imparando l\u2019inglese.<\/span><\/p>\n<p style=\"text-align: justify;\"><span style=\"color: #ff00ff;\">L\u2019attivit\u00e0 \u00e8 perfettamente adatta alle necessit\u00e0 linguistiche e fisiche dell\u2019alunno ed \u00e8 volta a stimolare lo sviluppo psicomotorio, l\u2019ascolto, il sostegno e la solidariet\u00e0 con i compagni di classe.<\/span><\/p>\n<p style=\"text-align: justify;\"><span style=\"color: #ff00ff;\">CONCLUSIONI<\/span><\/p>\n<p style=\"text-align: justify;\"><span style=\"color: #ff00ff;\">I bambini potranno imparare le tecniche e le diverse possibilit\u00e0 di interpretazione ed espressione e utilizzeranno il gioco come strumento di avvicinamento al teatro.<\/span><\/p>\n<p style=\"text-align: justify;\"><span style=\"color: #ff00ff;\">Allo stesso tempo verr\u00e0 potenziata la loro creativit\u00e0, stimolando la fantasia e l\u2019immaginazione attraverso il linguaggio teatrale e il lavoro di squadra.<\/span><\/p>\n<p style=\"text-align: justify;\"><span style=\"color: #ff00ff;\">I bambini apprenderanno i concetti di ritmo, movimento, armonia, equilibrio, spazio e tempo propri del gioco teatrale; e saranno portati a sviluppare l\u2019immaginazione e l\u2019intuizione in un processo di creazione e interpretazione di personaggi e situazioni.<\/span><\/p>\n<p style=\"text-align: justify;\"><span style=\"color: #ff00ff;\">Si lavora partendo dall&#8217;espressione corporea per arrivare all&#8217;immaginazione e alla creativit\u00e0, con l\u2019aiuto della musica e del movimento.<\/span><\/p>\n<p style=\"text-align: justify;\"><span style=\"color: #ff00ff;\">I bambini entrano a far parte in modo attivo e divertente di un gruppo di lavoro superando le difficolt\u00e0 insite nell&#8217;espressione libera di pensieri e sentimenti e imparano a rispettare e accettare le idee e i comportamenti dei compagni e la loro forma di esprimerli.<\/span><\/p>\n<p style=\"text-align: justify;\"><span style=\"color: #ff00ff;\">Da una parte il teatro insegna ai bambini a imparare a giocare in modo nuovo, a rispettare le regole e risolvere conflitti e interagire in un lavoro di squadra; dall\u2019altra il gioco viene usato come base per la relazione e la disinibizione.<\/span><\/p>\n<p style=\"text-align: justify;\"><span style=\"color: #ff00ff;\">L\u2019attivit\u00e0 \u00e8 semplice e divertente, affinch\u00e9 i bambini, senza accorgersene, imparino l\u2019inglese, si sentano liberi ed interagiscano con i compagni con tolleranza e cooperazione.<\/span><\/p>\n<p>[\/et_pb_text][\/et_pb_column][\/et_pb_row][\/et_pb_section]<\/p>\n","protected":false},"excerpt":{"rendered":"<p>L&#8217;attivit\u00e0\u00a0ha come obiettivo l\u2019apprendimento di una nuova lingua straniera attraverso il gioco e il divertimento. L\u2019attivit\u00e0 \u00e8 volta all&#8217;acquisizione di nuove parole e nuove strutture e, in particolare, alla familiarizzazione con nuovi suoni attraverso l&#8217;ascolto e l\u2019utilizzo di storie, canzoni, giochi, marionette. Tutto questo in un \u201cambiente teatrale\u201d incentrato su valori quali la solidariet\u00e0, il [&hellip;]<\/p>\n","protected":false},"author":2,"featured_media":0,"parent":0,"menu_order":0,"comment_status":"closed","ping_status":"closed","template":"","meta":{"_et_pb_use_builder":"on","_et_pb_old_content":"<p>[et_pb_section bb_built=\"1\" inner_width=\"auto\" inner_max_width=\"1080px\"][et_pb_row][et_pb_column type=\"1_3\" custom_padding__hover=\"|||\" custom_padding=\"|||\"][et_pb_image _builder_version=\"4.0.7\" src=\"https:\/\/www.asociacionextraescolararcoiris.com\/wp-content\/uploads\/2019\/12\/Empieza-el-espetaculo.png\" box_shadow_horizontal_tablet=\"0px\" box_shadow_vertical_tablet=\"0px\" box_shadow_blur_tablet=\"40px\" box_shadow_spread_tablet=\"0px\" z_index_tablet=\"500\" \/][et_pb_image _builder_version=\"4.0.7\" src=\"https:\/\/www.asociacionextraescolararcoiris.com\/wp-content\/uploads\/2019\/12\/Teatro-1.png\" box_shadow_horizontal_tablet=\"0px\" box_shadow_vertical_tablet=\"0px\" box_shadow_blur_tablet=\"40px\" box_shadow_spread_tablet=\"0px\" z_index_tablet=\"500\" \/][\/et_pb_column][et_pb_column type=\"2_3\" custom_padding__hover=\"|||\" custom_padding=\"|||\"][et_pb_text background_position=\"top_left\" background_repeat=\"repeat\" background_size=\"initial\" text_orientation=\"left\" \/][\/et_pb_column][\/et_pb_row][\/et_pb_section]<\/p>","_et_gb_content_width":"","footnotes":""},"class_list":["post-2513","page","type-page","status-publish","hentry"],"aioseo_notices":[],"_links":{"self":[{"href":"https:\/\/www.asociacionextraescolararcoiris.com\/it\/wp-json\/wp\/v2\/pages\/2513","targetHints":{"allow":["GET"]}}],"collection":[{"href":"https:\/\/www.asociacionextraescolararcoiris.com\/it\/wp-json\/wp\/v2\/pages"}],"about":[{"href":"https:\/\/www.asociacionextraescolararcoiris.com\/it\/wp-json\/wp\/v2\/types\/page"}],"author":[{"embeddable":true,"href":"https:\/\/www.asociacionextraescolararcoiris.com\/it\/wp-json\/wp\/v2\/users\/2"}],"replies":[{"embeddable":true,"href":"https:\/\/www.asociacionextraescolararcoiris.com\/it\/wp-json\/wp\/v2\/comments?post=2513"}],"version-history":[{"count":5,"href":"https:\/\/www.asociacionextraescolararcoiris.com\/it\/wp-json\/wp\/v2\/pages\/2513\/revisions"}],"predecessor-version":[{"id":6596,"href":"https:\/\/www.asociacionextraescolararcoiris.com\/it\/wp-json\/wp\/v2\/pages\/2513\/revisions\/6596"}],"wp:attachment":[{"href":"https:\/\/www.asociacionextraescolararcoiris.com\/it\/wp-json\/wp\/v2\/media?parent=2513"}],"curies":[{"name":"wp","href":"https:\/\/api.w.org\/{rel}","templated":true}]}}