{"id":1846,"date":"2018-07-01T08:52:59","date_gmt":"2018-07-01T08:52:59","guid":{"rendered":"https:\/\/www.asociacionextraescolararcoiris.com\/?page_id=1846"},"modified":"2021-01-18T10:10:37","modified_gmt":"2021-01-18T10:10:37","slug":"termini-e-condizioni-generali","status":"publish","type":"page","link":"https:\/\/www.asociacionextraescolararcoiris.com\/it\/termini-e-condizioni-generali\/","title":{"rendered":"Termini y condizioni generali"},"content":{"rendered":"<p>[et_pb_section fb_built=&#8221;1&#8243; _builder_version=&#8221;3.22&#8243;][et_pb_row _builder_version=&#8221;3.25&#8243; background_size=&#8221;initial&#8221; background_position=&#8221;top_left&#8221; background_repeat=&#8221;repeat&#8221;][et_pb_column type=&#8221;4_4&#8243; _builder_version=&#8221;3.25&#8243; custom_padding=&#8221;|||&#8221; custom_padding__hover=&#8221;|||&#8221;][et_pb_text _builder_version=&#8221;4.8.0&#8243; hover_enabled=&#8221;0&#8243; z_index_tablet=&#8221;500&#8243; sticky_enabled=&#8221;0&#8243;]<\/p>\n<h3 style=\"text-align: center;\"><span style=\"color: #333399;\"><strong><u>TERMINI \u00a0E CONDIZIONI<\/u><\/strong><\/span><\/h3>\n<p>&nbsp;<\/p>\n<p><span style=\"color: #0000ff;\">relativi alle attivit\u00e0 extrascolastiche e ai servizi offerti dall\u2019\u201cAsociaci\u00f3n Extraescolar Arco iris<strong><em>\u201d<\/em><\/strong><\/span><\/p>\n<p><span style=\"color: #0000ff;\">L\u2019 \u201cAsociaci\u00f3n\u201d si occuper\u00e0 della gestione e organizzazione delle attivit\u00e0.<\/span><\/p>\n<ul>\n<li><span style=\"color: #0000ff;\">Stabilisce il numero minimo e massimo di alunni per attivit\u00e0. Se non si dovesse raggiungere il numero minimo di 6\/8 iscritti, \u201casociaci\u00f3n\u201d si riserva il diritto di annullare il corso, avvisando i genitori.<\/span><\/li>\n<li><span style=\"color: #0000ff;\">L\u2019orario di uscita potrebbe subire delle modifiche; in tal caso le famiglie saranno tempestivamente avvisate.<\/span><\/li>\n<li><span style=\"color: #0000ff;\">I gruppi si organizzeranno con bambini\/e della stessa classe, nel caso in cui non fosse possibile, si manterr\u00e0 la distanza di 1,50 m tra loro seguendo le indicazioni della \u201cComunidad de Madrid\u201d.<\/span><\/li>\n<li><span style=\"color: #0000ff;\">Tutte le comunicazioni saranno per e-mail o whatsApp per evitare agglomerazione e confusione all\u2019uscita della scuola.<\/span><\/li>\n<li><span style=\"color: #0000ff;\">Far pervenire le ricevute delle quote tramite e-mail.<\/span><\/li>\n<li><span style=\"color: #0000ff;\">Seleziona e amministra il personale incaricato, che pu\u00f2 anche essere sostituito, per vari motivi, durante l\u2019anno scolastico.<\/span><\/li>\n<li><span style=\"color: #0000ff;\">Non verranno effettuati rimborsi per i giorni non frequentati.<\/span><\/li>\n<li><span style=\"color: #0000ff;\">Nel caso in cui l\u2019alunno si ritiri dal corso comunicarlo per iscritto, altrimenti dovr\u00e0 essere versata la quota del corso completo.<\/span><\/li>\n<li><span style=\"color: #0000ff;\">Nel caso in cui non venga effettuato il pagamento della quota corrispondente, l&#8217;Associazione sar\u00e0 costretta a sospendere la frequenza ai servizi e alle attivit\u00e0 per l&#8217;alunno\/a fino a quando non si sia risolto il problema.<\/span><\/li>\n<li><span style=\"color: #0000ff;\">Per quanto riguarda le attivit\u00e0 extrascolastiche svolte all\u2019interno della \u201cScuola dell\u2019Infanzia di Madrid\u201d si rispetter\u00e0 il calendario scolastico della scuola e, non \u00e9 responsabile delle eventuali modifiche determinate dalla Scuola alle quali dovr\u00e0 necessariamente adattarsi.<\/span><\/li>\n<li><span style=\"color: #0000ff;\">Per le diverse attivit\u00e0 previste l\u2019\u201dAsociaci\u00f3n\u201d potr\u00e0 rivolgersi anche ad altre Associazioni, Enti culturali o\u00a0 ditte, in questo caso:<\/span><\/li>\n<\/ul>\n<p><span style=\"color: #0000ff;\">coordiner\u00e0 i rapporti e far\u00e0 da tramite per la trasmissione della documentazione necessaria tra l\u2019utenza e le associazioni e\/o ditte interessate per la realizzazione di tali attivit\u00e0.<\/span><\/p>\n<ul>\n<li><span style=\"color: #0000ff;\">L\u2019\u201dAsociaci\u00f3n\u201d si riserva di organizzare altri corsi o servizi, sempre e quando rientrino nelle sue competenze e siano richiesti dall\u2019Ente gestore (o persona incaricata) o dai genitori. In quest\u2019ultimo caso (da parte dei genitori) dopo aver ricevuto la comunicazione per iscritto l\u2019\u201dAsociaci\u00f3n\u201d, consultata la Responsabile della S. dell\u2019Infanzia, si attiver\u00e0 per la realizzazione.<\/span><\/li>\n<\/ul>\n<p>[\/et_pb_text][\/et_pb_column][\/et_pb_row][\/et_pb_section]<\/p>\n","protected":false},"excerpt":{"rendered":"<p>TERMINI \u00a0E CONDIZIONI &nbsp; relativi alle attivit\u00e0 extrascolastiche e ai servizi offerti dall\u2019\u201cAsociaci\u00f3n Extraescolar Arco iris\u201d L\u2019 \u201cAsociaci\u00f3n\u201d si occuper\u00e0 della gestione e organizzazione delle attivit\u00e0. Stabilisce il numero minimo e massimo di alunni per attivit\u00e0. Se non si dovesse raggiungere il numero minimo di 6\/8 iscritti, \u201casociaci\u00f3n\u201d si riserva il diritto di annullare il [&hellip;]<\/p>\n","protected":false},"author":2,"featured_media":0,"parent":0,"menu_order":0,"comment_status":"closed","ping_status":"closed","template":"","meta":{"_et_pb_use_builder":"on","_et_pb_old_content":"","_et_gb_content_width":"","footnotes":""},"class_list":["post-1846","page","type-page","status-publish","hentry"],"aioseo_notices":[],"_links":{"self":[{"href":"https:\/\/www.asociacionextraescolararcoiris.com\/it\/wp-json\/wp\/v2\/pages\/1846","targetHints":{"allow":["GET"]}}],"collection":[{"href":"https:\/\/www.asociacionextraescolararcoiris.com\/it\/wp-json\/wp\/v2\/pages"}],"about":[{"href":"https:\/\/www.asociacionextraescolararcoiris.com\/it\/wp-json\/wp\/v2\/types\/page"}],"author":[{"embeddable":true,"href":"https:\/\/www.asociacionextraescolararcoiris.com\/it\/wp-json\/wp\/v2\/users\/2"}],"replies":[{"embeddable":true,"href":"https:\/\/www.asociacionextraescolararcoiris.com\/it\/wp-json\/wp\/v2\/comments?post=1846"}],"version-history":[{"count":7,"href":"https:\/\/www.asociacionextraescolararcoiris.com\/it\/wp-json\/wp\/v2\/pages\/1846\/revisions"}],"predecessor-version":[{"id":4855,"href":"https:\/\/www.asociacionextraescolararcoiris.com\/it\/wp-json\/wp\/v2\/pages\/1846\/revisions\/4855"}],"wp:attachment":[{"href":"https:\/\/www.asociacionextraescolararcoiris.com\/it\/wp-json\/wp\/v2\/media?parent=1846"}],"curies":[{"name":"wp","href":"https:\/\/api.w.org\/{rel}","templated":true}]}}